{"id":339,"date":"2020-02-18T07:49:47","date_gmt":"2020-02-18T07:49:47","guid":{"rendered":"http:\/\/myendosis.org\/?page_id=339"},"modified":"2026-03-30T12:33:47","modified_gmt":"2026-03-30T04:33:47","slug":"diagnosis-why-me","status":"publish","type":"page","link":"https:\/\/myendosis.org\/vi\/about-endometriosis\/diagnosis-why-me\/","title":{"rendered":"Ch\u1ea9n \u0111o\u00e1n &amp; Nguy\u00ean nh\u00e2n m\u1eafc b\u1ec7nh?"},"content":{"rendered":"<h1>\n<div>Diagnosis<br \/>Endometriosis<\/div>\n<\/h1>\n<div>\n\n<\/div>\n<h1>Do I need to do a test?<\/h1>\n<div>\n<p>There is a significant diagnostic delay of Endometriosis because symptoms of the disease are not easily recognized by health care providers or even by women themselves.<\/p>\n<p>At present the only reliable way <span class=\"s1\">to decisively <\/span>diagnose Endometriosis is by performing laparoscopy and to take a biopsy of the tissue. However, this is an expensive procedure and not everyone would be comfortable to have a surgery. An experienced gynaecologist should be able to recognize symptoms from the history of patient\u2019s symptoms.<\/p>\n<p>There are tests, which the gynaecologist may perform <span class=\"s1\">to clinically diagnose Endometriosis<\/span><span class=\"s2\">.<\/span><\/p>\n<p>These include:<\/p>\n<\/div>\n<div>\n<ul>\n<li>Gynaecological examinations<\/li>\n<li>Ultrasound<\/li>\n<li>MRI scans<\/li>\n<\/ul>\n<\/div>\n<p><img decoding=\"async\" src=\"\/wp-content\/uploads\/me-endosis-image-ink-04.jpg\" alt=\"\"><\/p>\n<h1>Why Me?<\/h1>\n<div>\n<p>The cause of Endometriosis remains unknown. However, majority of research done did indicate that Endometriosis is exacerbated by estrogen. At the moment there are no treatments, which can fully cure endometriosis.<\/p>\n<p>Several theories have become more accepted, and reality is that it may be a combination of factors, which make some women develop Endometriosis.<\/p>\n<p>Some possible theories are indicated in some research such as metaplasia, retrograde menstruation, genetic disposition, Immune system dysfunction and environmental influences such as toxins in the environment.These will affect the reproductive hormones and immune system response, though this theory has not been proven and remains controversial.<\/p>\n<\/div>\n<p><img decoding=\"async\" src=\"\/wp-content\/uploads\/me-endosis-image-ink-05.jpg\" alt=\"\"><\/p>\n<h1>Have you been diagnosed with endometriosis or are wondering if you could have it?<\/h1>\n<div>Read more below to find answers to some common questions about endometriosis.<\/div>\n<ul>\n<li>\n<p>        <img decoding=\"async\" src=\"\/wp-content\/uploads\/me-endosis-image-ink-01.jpg\" alt=\"\"><\/p>\n<h3>What is Endometriosis?<\/h3>\n<p>Endo Information<\/p>\n<p><a href=\"\/index.php?page_id=333\"><\/a><\/p>\n<\/li>\n<li>\n<p>        <img decoding=\"async\" src=\"\/wp-content\/uploads\/me-endosis-image-ink-03.jpg\" alt=\"\"><\/p>\n<h3>Ouch! That monthly agony!<\/h3>\n<p>Symptoms &#038; Facts<\/p>\n<p><a href=\"\/index.php?page_id=335\"><\/a><\/p>\n<\/li>\n<li>\n<p>        <img decoding=\"async\" src=\"\/wp-content\/uploads\/me-endosis-image-ink-04.jpg\" alt=\"\"><\/p>\n<h3>Do I need to do a test?<\/h3>\n<p>Diagnosis &#038; Why Me?<\/p>\n<p><a href=\"\/index.php?page_id=339\"><\/a><\/p>\n<\/li>\n<li>\n<p>        <img decoding=\"async\" src=\"\/wp-content\/uploads\/endo-treament-hormone.jpg\" alt=\"\"><\/p>\n<h3>Can Endo be cured?<\/h3>\n<p>Treating Endometriosis<\/p>\n<p><a href=\"\/index.php?page_id=341\"><\/a><\/p>\n<\/li>\n<\/ul>\n<h2>Get to know more questions about Endometriosis?<\/h2>\n<ul>\n<li>\n<p>\n        <a href=\"\/index.php?page_id=193\">Help Resources<\/a>\n    <\/p>\n<\/li>\n<li>\n<p>\n        <a href=\"\/index.php?page_id=24\">Contact Us<\/a>\n    <\/p>\n<\/li>\n<\/ul>\n<p><!--more--><br \/>\n<!-- {\"name\":\"(21 Feb) Endo Info\",\"type\":\"layout\",\"children\":[{\"name\":\"Header\",\"type\":\"section\",\"props\":{\"image_effect\":\"fixed\",\"image_position\":\"center-center\",\"image_size\":\"cover\",\"image_width\":\"2560\",\"media_overlay\":\"rgba(25, 25, 25, 0.2)\",\"padding_bottom\":\"small\",\"padding_top\":\"small\",\"style\":\"secondary\",\"title_breakpoint\":\"xl\",\"title_position\":\"top-left\",\"title_rotation\":\"left\",\"vertical_align\":\"\",\"width\":\"large\"},\"children\":[{\"type\":\"row\",\"children\":[{\"type\":\"column\",\"props\":{\"image_position\":\"center-center\",\"position_sticky_breakpoint\":\"m\",\"width_medium\":\"1-3\"},\"children\":[{\"type\":\"headline\",\"props\":{\"content\":\"\n\n<div>Diagnosis<br \/>Endometriosis<\/div>\n\n\",\"image_align\":\"left\",\"image_margin\":\"xsmall\",\"margin_bottom\":\"xsmall\",\"margin_top\":\"xsmall\",\"text_align\":\"left\",\"title_element\":\"h1\",\"title_style\":\"heading-small\"}}]},{\"type\":\"column\",\"props\":{\"image_position\":\"center-center\",\"position_sticky_breakpoint\":\"m\",\"width_medium\":\"2-3\"},\"children\":[{\"type\":\"html\",\"props\":{\"content\":\"[trp_language language=\\\"en_GB\\\"]\\n\n\n<div class=\\\"container\\\">\\n  <iframe class=\\\"responsive-iframe\\\" src=\\\"https:\/\/www.youtube.com\/embed\/A2s6zIJ3d4s\\\"><\/iframe>\\n<\/div>\n\n\\n[\/trp_language]\\n\"}}]}],\"props\":{\"layout\":\"1-3,2-3\"}}]},{\"name\":\"What is Endo?\",\"type\":\"section\",\"props\":{\"image_effect\":\"parallax\",\"image_parallax_bgx\":\"80,80\",\"image_parallax_easing\":\"1\",\"image_position\":\"bottom-right\",\"image_width\":\"350\",\"style\":\"muted\",\"title_breakpoint\":\"xl\",\"title_position\":\"center-right\",\"title_rotation\":\"left\",\"vertical_align\":\"\",\"width\":\"xlarge\"},\"children\":[{\"type\":\"row\",\"props\":{\"layout\":\"1-2,1-2\"},\"children\":[{\"type\":\"column\",\"props\":{\"image_position\":\"center-center\",\"position_sticky_breakpoint\":\"m\",\"vertical_align\":\"middle\",\"width_medium\":\"1-2\"},\"children\":[{\"type\":\"headline\",\"props\":{\"content\":\"Do I need to do a test?\",\"image_align\":\"left\",\"image_margin\":\"xsmall\",\"margin_bottom\":\"small\",\"margin_top\":\"small\",\"maxwidth\":\"xlarge\",\"maxwidth_breakpoint\":\"m\",\"title_element\":\"h1\",\"title_style\":\"h2\"}},{\"type\":\"text\",\"props\":{\"column_breakpoint\":\"m\",\"content\":\"\n\n<p>There is a significant diagnostic delay of Endometriosis because symptoms of the disease are not easily recognized by health care providers or even by women themselves.<\/p>\n\n\\n\n\n<p>At present the only reliable way <span class=\\\"s1\\\">to decisively <\/span>diagnose Endometriosis is by performing laparoscopy and to take a biopsy of the tissue. However, this is an expensive procedure and not everyone would be comfortable to have a surgery. An experienced gynaecologist should be able to recognize symptoms from the history of patient\u2019s symptoms.<\/p>\n\n\\n\n\n<p>There are tests, which the gynaecologist may perform <span class=\\\"s1\\\">to clinically diagnose Endometriosis<\/span><span class=\\\"s2\\\">.<\/span><\/p>\n\n\\n\n\n<p>These include:<\/p>\n\n\",\"margin_bottom\":\"default\",\"margin_top\":\"default\",\"maxwidth\":\"xlarge\",\"maxwidth_breakpoint\":\"m\"}},{\"type\":\"text\",\"props\":{\"column_breakpoint\":\"m\",\"content\":\"\n\n<ul>\\n\n\n<li>Gynaecological examinations<\/li>\n\n\\n\n\n<li>Ultrasound<\/li>\n\n\\n\n\n<li>MRI scans<\/li>\n\n\\n<\/ul>\n\n\",\"margin_bottom\":\"default\",\"margin_top\":\"default\",\"maxwidth\":\"xlarge\",\"maxwidth_breakpoint\":\"m\"}}]},{\"type\":\"column\",\"props\":{\"image_position\":\"center-center\",\"position_sticky_breakpoint\":\"m\",\"vertical_align\":\"middle\",\"width_medium\":\"1-2\"},\"children\":[{\"type\":\"image\",\"props\":{\"image\":\"wp-content\/uploads\/me-endosis-image-ink-04.jpg\",\"image_svg_color\":\"emphasis\",\"margin_bottom\":\"default\",\"margin_top\":\"default\"}}]}]}]},{\"name\":\"Why Me\",\"type\":\"section\",\"props\":{\"image_position\":\"center-center\",\"style\":\"default\",\"title_breakpoint\":\"xl\",\"title_position\":\"center-right\",\"title_rotation\":\"left\",\"vertical_align\":\"\",\"width\":\"xlarge\"},\"children\":[{\"type\":\"row\",\"props\":{\"layout\":\"1-2,1-2\"},\"children\":[{\"type\":\"column\",\"props\":{\"image_position\":\"center-center\",\"position_sticky_breakpoint\":\"m\",\"vertical_align\":\"middle\",\"width_medium\":\"1-2\"},\"children\":[{\"type\":\"headline\",\"props\":{\"content\":\"Why Me?\",\"image_align\":\"left\",\"image_margin\":\"xsmall\",\"margin_bottom\":\"remove\",\"margin_top\":\"small\",\"maxwidth\":\"xlarge\",\"title_element\":\"h1\",\"title_style\":\"h2\"}},{\"type\":\"text\",\"props\":{\"column_breakpoint\":\"m\",\"content\":\"\n\n<p>The cause of Endometriosis remains unknown. However, majority of research done did indicate that Endometriosis is exacerbated by estrogen. At the moment there are no treatments, which can fully cure endometriosis.<\/p>\n\n\\n\n\n<p>Several theories have become more accepted, and reality is that it may be a combination of factors, which make some women develop Endometriosis.<\/p>\n\n\\n\n\n<p>Some possible theories are indicated in some research such as metaplasia, retrograde menstruation, genetic disposition, Immune system dysfunction and environmental influences such as toxins in the environment.These will affect the reproductive hormones and immune system response, though this theory has not been proven and remains controversial.<\/p>\n\n\",\"margin_bottom\":\"default\",\"margin_top\":\"default\",\"maxwidth\":\"xlarge\",\"maxwidth_breakpoint\":\"m\"}}]},{\"type\":\"column\",\"props\":{\"image_position\":\"center-center\",\"position_sticky_breakpoint\":\"m\",\"vertical_align\":\"middle\",\"width_medium\":\"1-2\"},\"children\":[{\"type\":\"image\",\"props\":{\"image\":\"wp-content\/uploads\/me-endosis-image-ink-05.jpg\",\"image_svg_color\":\"emphasis\",\"margin_bottom\":\"default\",\"margin_top\":\"default\"}}]}]}]},{\"name\":\"Gallery\",\"type\":\"section\",\"props\":{\"animation\":\"slide-bottom-medium\",\"animation_delay\":\"200\",\"id\":\"tutorials\",\"image\":\"wp-content\/uploads\/MyEndosis-BG-Identity-01.svg\",\"image_effect\":\"fixed\",\"image_position\":\"center-center\",\"image_size\":\"cover\",\"style\":\"muted\",\"title_breakpoint\":\"xl\",\"title_position\":\"top-left\",\"title_rotation\":\"left\",\"vertical_align\":\"\",\"width\":\"\"},\"children\":[{\"type\":\"row\",\"props\":{\"margin_bottom\":\"medium\",\"margin_top\":\"medium\"},\"children\":[{\"type\":\"column\",\"props\":{\"image_position\":\"center-center\",\"position_sticky_breakpoint\":\"m\",\"width_medium\":\"1-1\"},\"children\":[{\"type\":\"headline\",\"props\":{\"block_align\":\"center\",\"content\":\"Have you been diagnosed with endometriosis or are wondering if you could have it?\",\"image_align\":\"left\",\"image_margin\":\"xsmall\",\"margin_bottom\":\"remove\",\"maxwidth\":\"2xlarge\",\"text_align\":\"center\",\"title_element\":\"h1\",\"title_style\":\"h2\"}},{\"type\":\"text\",\"props\":{\"block_align\":\"center\",\"column_breakpoint\":\"m\",\"content\":\"Read more below to find answers to some common questions about endometriosis.\",\"margin_bottom\":\"small\",\"margin_top\":\"small\",\"text_align\":\"center\",\"text_align_breakpoint\":\"m\",\"text_align_fallback\":\"center\"}}]}]},{\"type\":\"row\",\"children\":[{\"type\":\"column\",\"props\":{\"image_position\":\"center-center\",\"position_sticky_breakpoint\":\"m\",\"width_small\":\"1-1\"},\"children\":[{\"type\":\"grid\",\"props\":{\"content_column_breakpoint\":\"m\",\"filter_align\":\"left\",\"filter_all\":true,\"filter_grid_breakpoint\":\"m\",\"filter_grid_width\":\"auto\",\"filter_position\":\"top\",\"filter_style\":\"tab\",\"grid_default\":\"1\",\"grid_large\":\"4\",\"grid_medium\":\"3\",\"grid_small\":\"2\",\"image_align\":\"top\",\"image_grid_breakpoint\":\"m\",\"image_grid_width\":\"1-2\",\"image_height\":\"450\",\"image_svg_color\":\"emphasis\",\"image_transition\":\"scale-up\",\"image_width\":\"600\",\"item_animation\":true,\"lightbox\":true,\"lightbox_bg_close\":true,\"lightbox_image_height\":\"540\",\"lightbox_image_orientation\":false,\"lightbox_image_width\":\"960\",\"link_style\":\"default\",\"link_text\":\"\",\"margin_bottom\":\"default\",\"margin_top\":\"default\",\"meta_align\":\"above-title\",\"meta_color\":\"success\",\"meta_element\":\"div\",\"meta_margin\":\"small\",\"meta_style\":\"h6\",\"panel_image_no_padding\":true,\"panel_link\":true,\"panel_link_hover\":\"true\",\"panel_padding\":\"default\",\"panel_style\":\"card-default\",\"parallax_easing\":\"1\",\"show_content\":true,\"show_hover_image\":true,\"show_hover_video\":true,\"show_image\":true,\"show_link\":true,\"show_meta\":true,\"show_title\":true,\"show_video\":true,\"title_align\":\"top\",\"title_element\":\"h3\",\"title_grid_breakpoint\":\"m\",\"title_grid_width\":\"1-2\",\"title_hover_style\":\"reset\",\"title_margin\":\"small\",\"title_style\":\"h5\"},\"children\":[{\"type\":\"grid_item\",\"props\":{\"image\":\"wp-content\/uploads\/me-endosis-image-ink-01.jpg\",\"link\":\"index.php?page_id=333\",\"meta\":\"Endo Information\",\"title\":\"What is Endometriosis?\"}},{\"type\":\"grid_item\",\"props\":{\"content\":\"\",\"image\":\"wp-content\/uploads\/me-endosis-image-ink-03.jpg\",\"link\":\"index.php?page_id=335\",\"meta\":\"Symptoms & Facts\",\"title\":\"Ouch! That monthly agony!\"}},{\"type\":\"grid_item\",\"props\":{\"image\":\"wp-content\/uploads\/me-endosis-image-ink-04.jpg\",\"link\":\"index.php?page_id=339\",\"meta\":\"Diagnosis & Why Me?\",\"title\":\"Do I need to do a test?\"}},{\"type\":\"grid_item\",\"props\":{\"image\":\"wp-content\/uploads\/endo-treament-hormone.jpg\",\"link\":\"index.php?page_id=341\",\"meta\":\"Treating Endometriosis\",\"title\":\"Can Endo be cured?\"}}]}]}]}]},{\"name\":\"Call to Action\",\"type\":\"section\",\"props\":{\"animation\":\"slide-bottom-medium\",\"animation_delay\":\"200\",\"image_position\":\"center-center\",\"style\":\"secondary\",\"title_breakpoint\":\"xl\",\"title_position\":\"top-left\",\"title_rotation\":\"left\",\"vertical_align\":\"\",\"width\":\"\"},\"children\":[{\"type\":\"row\",\"props\":{\"width\":\"xlarge\"},\"children\":[{\"type\":\"column\",\"props\":{\"image_position\":\"center-center\",\"position_sticky_breakpoint\":\"m\",\"vertical_align\":\"middle\",\"width_medium\":\"1-1\"},\"children\":[{\"type\":\"headline\",\"props\":{\"content\":\"Get to know more questions about Endometriosis?\",\"image_align\":\"left\",\"image_margin\":\"xsmall\",\"margin_bottom\":\"default\",\"margin_top\":\"default\",\"text_align\":\"center\",\"text_align_breakpoint\":\"m\",\"text_align_fallback\":\"center\",\"title_element\":\"h2\",\"title_style\":\"h2\"}},{\"type\":\"button\",\"props\":{\"button_size\":\"large\",\"grid_column_gap\":\"small\",\"grid_row_gap\":\"small\",\"margin_bottom\":\"medium\",\"margin_top\":\"medium\",\"text_align\":\"center\",\"text_align_breakpoint\":\"m\",\"text_align_fallback\":\"center\"},\"children\":[{\"type\":\"button_item\",\"props\":{\"button_style\":\"default\",\"content\":\"Help Resources\",\"dialog_layout\":\"modal\",\"dialog_offcanvas_flip\":true,\"icon\":\"\",\"icon_align\":\"right\",\"link\":\"index.php?page_id=193\"}},{\"type\":\"button_item\",\"props\":{\"button_style\":\"danger\",\"content\":\"Contact Us\",\"dialog_layout\":\"modal\",\"dialog_offcanvas_flip\":true,\"icon\":\"\",\"icon_align\":\"right\",\"link\":\"index.php?page_id=24\"}}]}]}]}]}],\"version\":\"5.0.19\"} --><\/p>\n","protected":false},"excerpt":{"rendered":"<p>DiagnosisEndometriosis Do I need to do a test? There is a significant diagnostic delay of Endometriosis because symptoms of the disease are not easily recognized by health care providers or even by women themselves. At present the only reliable way to decisively diagnose Endometriosis is by performing laparoscopy and to take a biopsy of the [&hellip;]<\/p>\n","protected":false},"author":1,"featured_media":0,"parent":187,"menu_order":3,"comment_status":"closed","ping_status":"closed","template":"","meta":{"footnotes":""},"class_list":["post-339","page","type-page","status-publish","hentry"],"yoast_head":"<!-- This site is optimized with the Yoast SEO plugin v27.2 - https:\/\/yoast.com\/product\/yoast-seo-wordpress\/ -->\n<title>Diagnosis &amp; Why Me? | MyEndosis<\/title>\n<meta name=\"robots\" content=\"index, follow, max-snippet:-1, max-image-preview:large, max-video-preview:-1\" \/>\n<link rel=\"canonical\" href=\"https:\/\/myendosis.org\/vi\/about-endometriosis\/diagnosis-why-me\/\" \/>\n<meta property=\"og:locale\" content=\"vi_VN\" \/>\n<meta property=\"og:type\" content=\"article\" \/>\n<meta property=\"og:title\" content=\"Diagnosis &amp; Why Me? | MyEndosis\" \/>\n<meta property=\"og:description\" content=\"DiagnosisEndometriosis Do I need to do a test? There is a significant diagnostic delay of Endometriosis because symptoms of the disease are not easily recognized by health care providers or even by women themselves. At present the only reliable way to decisively diagnose Endometriosis is by performing laparoscopy and to take a biopsy of the [&hellip;]\" \/>\n<meta property=\"og:url\" content=\"https:\/\/myendosis.org\/vi\/about-endometriosis\/diagnosis-why-me\/\" \/>\n<meta property=\"og:site_name\" content=\"MyEndosis\" \/>\n<meta property=\"article:modified_time\" content=\"2026-03-30T04:33:47+00:00\" \/>\n<meta name=\"twitter:card\" content=\"summary_large_image\" \/>\n<meta name=\"twitter:label1\" content=\"\u01af\u1edbc t\u00ednh th\u1eddi gian \u0111\u1ecdc\" \/>\n\t<meta name=\"twitter:data1\" content=\"1 ph\u00fat\" \/>\n<script type=\"application\/ld+json\" class=\"yoast-schema-graph\">{\"@context\":\"https:\/\/schema.org\",\"@graph\":[{\"@type\":\"WebPage\",\"@id\":\"https:\/\/myendosis.org\/about-endometriosis\/diagnosis-why-me\/\",\"url\":\"https:\/\/myendosis.org\/about-endometriosis\/diagnosis-why-me\/\",\"name\":\"Diagnosis & Why Me? | MyEndosis\",\"isPartOf\":{\"@id\":\"https:\/\/myendosis.org\/#website\"},\"datePublished\":\"2020-02-18T07:49:47+00:00\",\"dateModified\":\"2026-03-30T04:33:47+00:00\",\"breadcrumb\":{\"@id\":\"https:\/\/myendosis.org\/about-endometriosis\/diagnosis-why-me\/#breadcrumb\"},\"inLanguage\":\"vi\",\"potentialAction\":[{\"@type\":\"ReadAction\",\"target\":[\"https:\/\/myendosis.org\/about-endometriosis\/diagnosis-why-me\/\"]}]},{\"@type\":\"BreadcrumbList\",\"@id\":\"https:\/\/myendosis.org\/about-endometriosis\/diagnosis-why-me\/#breadcrumb\",\"itemListElement\":[{\"@type\":\"ListItem\",\"position\":1,\"name\":\"Home\",\"item\":\"https:\/\/myendosis.org\/\"},{\"@type\":\"ListItem\",\"position\":2,\"name\":\"About Endometriosis\",\"item\":\"https:\/\/myendosis.org\/about-endometriosis\/\"},{\"@type\":\"ListItem\",\"position\":3,\"name\":\"Diagnosis &#038; Why Me?\"}]},{\"@type\":\"WebSite\",\"@id\":\"https:\/\/myendosis.org\/#website\",\"url\":\"https:\/\/myendosis.org\/\",\"name\":\"MyEndosis\",\"description\":\"Endometriosis Association of Malaysia\",\"potentialAction\":[{\"@type\":\"SearchAction\",\"target\":{\"@type\":\"EntryPoint\",\"urlTemplate\":\"https:\/\/myendosis.org\/?s={search_term_string}\"},\"query-input\":{\"@type\":\"PropertyValueSpecification\",\"valueRequired\":true,\"valueName\":\"search_term_string\"}}],\"inLanguage\":\"vi\"}]}<\/script>\n<!-- \/ Yoast SEO plugin. -->","yoast_head_json":{"title":"Diagnosis & Why Me? | MyEndosis","robots":{"index":"index","follow":"follow","max-snippet":"max-snippet:-1","max-image-preview":"max-image-preview:large","max-video-preview":"max-video-preview:-1"},"canonical":"https:\/\/myendosis.org\/vi\/about-endometriosis\/diagnosis-why-me\/","og_locale":"vi_VN","og_type":"article","og_title":"Diagnosis & Why Me? | MyEndosis","og_description":"DiagnosisEndometriosis Do I need to do a test? There is a significant diagnostic delay of Endometriosis because symptoms of the disease are not easily recognized by health care providers or even by women themselves. At present the only reliable way to decisively diagnose Endometriosis is by performing laparoscopy and to take a biopsy of the [&hellip;]","og_url":"https:\/\/myendosis.org\/vi\/about-endometriosis\/diagnosis-why-me\/","og_site_name":"MyEndosis","article_modified_time":"2026-03-30T04:33:47+00:00","twitter_card":"summary_large_image","twitter_misc":{"\u01af\u1edbc t\u00ednh th\u1eddi gian \u0111\u1ecdc":"1 ph\u00fat"},"schema":{"@context":"https:\/\/schema.org","@graph":[{"@type":"WebPage","@id":"https:\/\/myendosis.org\/about-endometriosis\/diagnosis-why-me\/","url":"https:\/\/myendosis.org\/about-endometriosis\/diagnosis-why-me\/","name":"Diagnosis & Why Me? | MyEndosis","isPartOf":{"@id":"https:\/\/myendosis.org\/#website"},"datePublished":"2020-02-18T07:49:47+00:00","dateModified":"2026-03-30T04:33:47+00:00","breadcrumb":{"@id":"https:\/\/myendosis.org\/about-endometriosis\/diagnosis-why-me\/#breadcrumb"},"inLanguage":"vi","potentialAction":[{"@type":"ReadAction","target":["https:\/\/myendosis.org\/about-endometriosis\/diagnosis-why-me\/"]}]},{"@type":"BreadcrumbList","@id":"https:\/\/myendosis.org\/about-endometriosis\/diagnosis-why-me\/#breadcrumb","itemListElement":[{"@type":"ListItem","position":1,"name":"Home","item":"https:\/\/myendosis.org\/"},{"@type":"ListItem","position":2,"name":"About Endometriosis","item":"https:\/\/myendosis.org\/about-endometriosis\/"},{"@type":"ListItem","position":3,"name":"Diagnosis &#038; Why Me?"}]},{"@type":"WebSite","@id":"https:\/\/myendosis.org\/#website","url":"https:\/\/myendosis.org\/","name":"MyEndosis","description":"Endometriosis Association of Malaysia","potentialAction":[{"@type":"SearchAction","target":{"@type":"EntryPoint","urlTemplate":"https:\/\/myendosis.org\/?s={search_term_string}"},"query-input":{"@type":"PropertyValueSpecification","valueRequired":true,"valueName":"search_term_string"}}],"inLanguage":"vi"}]}},"_links":{"self":[{"href":"https:\/\/myendosis.org\/vi\/wp-json\/wp\/v2\/pages\/339","targetHints":{"allow":["GET"]}}],"collection":[{"href":"https:\/\/myendosis.org\/vi\/wp-json\/wp\/v2\/pages"}],"about":[{"href":"https:\/\/myendosis.org\/vi\/wp-json\/wp\/v2\/types\/page"}],"author":[{"embeddable":true,"href":"https:\/\/myendosis.org\/vi\/wp-json\/wp\/v2\/users\/1"}],"replies":[{"embeddable":true,"href":"https:\/\/myendosis.org\/vi\/wp-json\/wp\/v2\/comments?post=339"}],"version-history":[{"count":20,"href":"https:\/\/myendosis.org\/vi\/wp-json\/wp\/v2\/pages\/339\/revisions"}],"predecessor-version":[{"id":1428,"href":"https:\/\/myendosis.org\/vi\/wp-json\/wp\/v2\/pages\/339\/revisions\/1428"}],"up":[{"embeddable":true,"href":"https:\/\/myendosis.org\/vi\/wp-json\/wp\/v2\/pages\/187"}],"wp:attachment":[{"href":"https:\/\/myendosis.org\/vi\/wp-json\/wp\/v2\/media?parent=339"}],"curies":[{"name":"wp","href":"https:\/\/api.w.org\/{rel}","templated":true}]}}